{"id":121,"date":"2023-06-27T14:43:05","date_gmt":"2023-06-27T12:43:05","guid":{"rendered":"https:\/\/dance-brno.cz\/en\/?page_id=121"},"modified":"2023-10-25T16:46:03","modified_gmt":"2023-10-25T14:46:03","slug":"kontakt","status":"publish","type":"page","link":"https:\/\/dance-brno.cz\/en\/kontakt\/","title":{"rendered":"Contact"},"content":{"rendered":"<p><strong>Director of the Dance Brno Festival<\/strong><br \/>M\u00e1rio Rada\u010dovsk\u00fd<\/p>\n<p><strong>Dramaturg of Dance Brno Festival<\/strong><br \/>Karel Littera<\/p>\n<p><strong>Marketing and PR<\/strong><br \/>Michaela Pau\u010do<br \/>+420 601 083 534<br \/>pauco@ndbrno.cz<\/p>\n<p><strong>Production<\/strong><br \/>Krist\u00fdna Dr\u00e1bkov\u00e1<br \/>drabkova@ndbrno.cz<br \/>+420 736 416 808<\/p>\n<p><strong>Linda Hara\u0161tov\u00e1<\/strong><br \/>harastova@ndbrno.cz<br \/>+420 721 053 343<\/p>\n\n\n<p> <\/p>\n\n\n\n<h2 class=\"wp-block-heading\">Ticket office NdB<\/h2>\n\n\n\n<p>Dvo\u0159\u00e1kova 11, Brno<br>Ticket information: +420 542 158 120, obchodni@ndbrno.cz<\/p>\n\n\n\n<p>Cash on delivery, bulk orders \u2013 invoice tickets:<br>Bc. Kate\u0159ina Pazourkov\u00e1, +420 542 158 251, obchodni@ndbrno.cz<\/p>\n\n\n\n<p>Contact for media \/ PR: dance@ndbrno.cz<\/p>\n","protected":false},"excerpt":{"rendered":"<p>Director of the Dance Brno FestivalM\u00e1rio Rada\u010dovsk\u00fd Dramaturg of Dance Brno FestivalKarel Littera Marketing and PRMichaela Pau\u010do+420 601 083 534pauco@ndbrno.cz [&hellip;]<\/p>\n","protected":false},"author":2,"featured_media":129,"parent":0,"menu_order":0,"comment_status":"closed","ping_status":"closed","template":"","meta":{"footnotes":""},"class_list":["post-121","page","type-page","status-publish","has-post-thumbnail","hentry"],"acf":[],"_links":{"self":[{"href":"https:\/\/dance-brno.cz\/en\/wp-json\/wp\/v2\/pages\/121","targetHints":{"allow":["GET"]}}],"collection":[{"href":"https:\/\/dance-brno.cz\/en\/wp-json\/wp\/v2\/pages"}],"about":[{"href":"https:\/\/dance-brno.cz\/en\/wp-json\/wp\/v2\/types\/page"}],"author":[{"embeddable":true,"href":"https:\/\/dance-brno.cz\/en\/wp-json\/wp\/v2\/users\/2"}],"replies":[{"embeddable":true,"href":"https:\/\/dance-brno.cz\/en\/wp-json\/wp\/v2\/comments?post=121"}],"version-history":[{"count":8,"href":"https:\/\/dance-brno.cz\/en\/wp-json\/wp\/v2\/pages\/121\/revisions"}],"predecessor-version":[{"id":183,"href":"https:\/\/dance-brno.cz\/en\/wp-json\/wp\/v2\/pages\/121\/revisions\/183"}],"wp:featuredmedia":[{"embeddable":true,"href":"https:\/\/dance-brno.cz\/en\/wp-json\/wp\/v2\/media\/129"}],"wp:attachment":[{"href":"https:\/\/dance-brno.cz\/en\/wp-json\/wp\/v2\/media?parent=121"}],"curies":[{"name":"wp","href":"https:\/\/api.w.org\/{rel}","templated":true}]}}