{"id":104,"date":"2023-06-26T10:02:36","date_gmt":"2023-06-26T08:02:36","guid":{"rendered":"https:\/\/dance-brno.cz\/en\/?page_id=104"},"modified":"2023-09-21T15:48:23","modified_gmt":"2023-09-21T13:48:23","slug":"vstupenky","status":"publish","type":"page","link":"https:\/\/dance-brno.cz\/en\/vstupenky\/","title":{"rendered":"Tickets"},"content":{"rendered":"\n<p class=\"has-text-color\" style=\"color:#7aa2f9\"><a href=\"https:\/\/online.colosseum.eu\/incoming.aspx?mrsid=103&amp;language=cz-CZ&amp;redirectaddtickets=http:\/\/ndbrno.cz\/program&amp;&amp;eventid=2005902\"><strong><strong>\u25ba<\/strong><\/strong> <strong>Czech National Ballet, Prague<\/strong><\/a><a href=\"https:\/\/online.colosseum.eu\/incoming.aspx?mrsid=103&amp;language=cz-CZ&amp;redirectaddtickets=http:\/\/ndbrno.cz\/program&amp;&amp;eventid=2005902\"><strong>: Beyond Vibrations<\/strong><\/a><\/p>\n\n\n\n<p class=\"has-text-color\" style=\"color:#f38dff\"><a href=\"https:\/\/online.colosseum.eu\/incoming.aspx?mrsid=103&amp;language=cz-CZ&amp;redirectaddtickets=http:\/\/ndbrno.cz\/program&amp;&amp;eventid=2005971\"><strong><strong>\u25ba<\/strong><\/strong> <strong>Ballet Company of the J. K. Tyl Theatre, Pilsen: Ferdinand and Philippine<\/strong><\/a><\/p>\n\n\n\n<p class=\"has-text-color\" style=\"color:#ffe66f\"><a href=\"https:\/\/online.colosseum.eu\/incoming.aspx?mrsid=103&amp;language=cz-CZ&amp;redirectaddtickets=http:\/\/ndbrno.cz\/program&amp;&amp;eventid=1870859\"><strong><strong>\u25ba<\/strong><\/strong> <strong>Ballet of the National Theatre Brno: BOLERO<\/strong><\/a><\/p>\n\n\n\n<p class=\"has-text-color\" style=\"color:#65d05f\"><a href=\"https:\/\/online.colosseum.eu\/incoming.aspx?mrsid=103&amp;language=cz-CZ&amp;redirectaddtickets=http:\/\/ndbrno.cz\/program&amp;&amp;eventid=2005970\"><strong><strong>\u25ba<\/strong><\/strong> <strong>Moravial Theatre Olomouc Ballet: Bolero &amp; Carmen<\/strong><\/a><\/p>\n\n\n\n<p class=\"has-text-color\" style=\"color:#7aa2f9\"><a href=\"https:\/\/online.colosseum.eu\/incoming.aspx?mrsid=103&amp;language=cz-CZ&amp;redirectaddtickets=http:\/\/ndbrno.cz\/program&amp;&amp;eventid=2005906\"><strong><strong>\u25ba<\/strong><\/strong> <strong>Ballet of the Slovak National Theatre, Bratislava:\u00a0Two \/ Murmuration \/ Entropy<\/strong><\/a><\/p>\n\n\n\n<p class=\"has-text-color\" style=\"color:#f38dff\"><a href=\"https:\/\/online.colosseum.eu\/incoming.aspx?mrsid=103&amp;language=cz-CZ&amp;redirectaddtickets=http:\/\/ndbrno.cz\/program&amp;&amp;eventid=2005957\"><strong><strong>\u25ba<\/strong><\/strong> <strong>SND Ballet, Ko\u0161ice: ECSTASY \/ PICTURES ABOUT HER<\/strong><\/a><\/p>\n\n\n\n<p class=\"has-text-color\" style=\"color:#ffe66f\"><a href=\"https:\/\/online.colosseum.eu\/incoming.aspx?mrsid=103&amp;language=cz-CZ&amp;redirectaddtickets=http:\/\/ndbrno.cz\/program&amp;&amp;eventid=2004235\"><strong><strong>\u25ba<\/strong><\/strong> <strong>Ballet NDB 2: Uroboros \/ On the Beautiful Blue\u2026 \/ The Water Goblin<\/strong><\/a><\/p>\n\n\n\n<p class=\"has-text-color\" style=\"color:#65d05f\"><a href=\"https:\/\/dance-brno.cz\/program\/\" data-type=\"URL\" data-id=\"https:\/\/dance-brno.cz\/program\/\">nebo <strong>VSTUPENKY<\/strong> zakoup\u00edte online p\u0159\u00edmo v sekci <strong>\u25ba<\/strong> <strong>PROGRAM<\/strong><\/a><\/p>\n\n\n\n<p><\/p>\n\n\n\n<p><strong>FESTIVAL PASS AND PRICES<\/strong><br>Do you know that the earlier you buy your ticket, the cheaper it will be? With the number of tickets sold, their price rises. So don&#8217;t hesitate and go through our programme!<\/p>\n\n\n\n<p><strong>WHAT IS FESTIVAL PASS?<\/strong><br>The Festival Pass allows you to see more shows for a better price! You choose the combination of tickets yourself, including the choice of seats and the number of tickets. When you buy 3 or more tickets to different performances of the festival, you will automatically get a 30% discount.<\/p>\n\n\n\n<p><strong>PRICE OF THE FESTIVAL PASS<\/strong><br>The price is calculated from the current ticket prices that you choose at the particular time. When you reach the minimum number of tickets to build a pass (3 different events with a minimum of one ticket each), you will be credited with a 30% discount on the total amount. The discount is not combined with other discounts, such as pensioner discount, student\/child discount, ZTP and others.<\/p>\n\n\n\n<p id=\"tw-target-text\">We will also be to help you with the purchase of a Festival Pass at the National Theatre Brno\u00b4s Customer Center at Dvo\u0159\u00e1kova Street 11, by email: obchodni@ndbrno.cz or phone 542 158 120.<\/p>\n\n\n\n<p><strong>Other discounts valid during the whole time of the tickets sale:<\/strong><br>SENIOR CITIZENS: 30 %<br>ZTP: 50 %<br>STUDENTS: 50 % (under 26 years)<br>Art students &#8211; unified price 75 CZK in advance sale \u2013 this discount cannot be applied online, only at cash desks with a valid ID.<\/p>\n\n\n\n<p><a rel=\"noreferrer noopener\" href=\"https:\/\/www.ndbrno.cz\/info-pro-handicapovane\/\" target=\"_blank\"><\/a><\/p>\n","protected":false},"excerpt":{"rendered":"<p>\u25ba Czech National Ballet, Prague: Beyond Vibrations \u25ba Ballet Company of the J. K. Tyl Theatre, Pilsen: Ferdinand and Philippine [&hellip;]<\/p>\n","protected":false},"author":2,"featured_media":129,"parent":0,"menu_order":0,"comment_status":"closed","ping_status":"closed","template":"","meta":{"footnotes":""},"class_list":["post-104","page","type-page","status-publish","has-post-thumbnail","hentry"],"acf":[],"_links":{"self":[{"href":"https:\/\/dance-brno.cz\/en\/wp-json\/wp\/v2\/pages\/104","targetHints":{"allow":["GET"]}}],"collection":[{"href":"https:\/\/dance-brno.cz\/en\/wp-json\/wp\/v2\/pages"}],"about":[{"href":"https:\/\/dance-brno.cz\/en\/wp-json\/wp\/v2\/types\/page"}],"author":[{"embeddable":true,"href":"https:\/\/dance-brno.cz\/en\/wp-json\/wp\/v2\/users\/2"}],"replies":[{"embeddable":true,"href":"https:\/\/dance-brno.cz\/en\/wp-json\/wp\/v2\/comments?post=104"}],"version-history":[{"count":8,"href":"https:\/\/dance-brno.cz\/en\/wp-json\/wp\/v2\/pages\/104\/revisions"}],"predecessor-version":[{"id":170,"href":"https:\/\/dance-brno.cz\/en\/wp-json\/wp\/v2\/pages\/104\/revisions\/170"}],"wp:featuredmedia":[{"embeddable":true,"href":"https:\/\/dance-brno.cz\/en\/wp-json\/wp\/v2\/media\/129"}],"wp:attachment":[{"href":"https:\/\/dance-brno.cz\/en\/wp-json\/wp\/v2\/media?parent=104"}],"curies":[{"name":"wp","href":"https:\/\/api.w.org\/{rel}","templated":true}]}}